{"id":3,"date":"2024-11-04T07:39:41","date_gmt":"2024-11-04T07:39:41","guid":{"rendered":"https:\/\/p.vpsnext.ink\/?page_id=3"},"modified":"2025-04-07T06:30:42","modified_gmt":"2025-04-07T06:30:42","slug":"privacy-policy","status":"publish","type":"page","link":"https:\/\/p.vpsnext.ink\/index.php\/privacy-policy\/","title":{"rendered":"Privacy Policy"},"content":{"rendered":"\t\t<div data-elementor-type=\"wp-page\" data-elementor-id=\"3\" class=\"elementor elementor-3\" data-elementor-post-type=\"page\">\n\t\t\t\t<div class=\"elementor-element elementor-element-36250cf e-flex e-con-boxed wpr-particle-no wpr-jarallax-no wpr-parallax-no wpr-sticky-section-no e-con e-parent\" data-id=\"36250cf\" data-element_type=\"container\">\n\t\t\t\t\t<div class=\"e-con-inner\">\n\t\t<div class=\"elementor-element elementor-element-8cfaf1d e-flex e-con-boxed wpr-particle-no wpr-jarallax-no wpr-parallax-no wpr-sticky-section-no e-con e-child\" data-id=\"8cfaf1d\" data-element_type=\"container\">\n\t\t\t\t\t<div class=\"e-con-inner\">\n\t\t\t\t<div class=\"elementor-element elementor-element-dbb521d elementor-widget elementor-widget-heading\" data-id=\"dbb521d\" data-element_type=\"widget\" data-widget_type=\"heading.default\">\n\t\t\t\t<div class=\"elementor-widget-container\">\n\t\t\t\t\t<h2 class=\"elementor-heading-title elementor-size-default\">Datenschutz<\/h2>\t\t\t\t<\/div>\n\t\t\t\t<\/div>\n\t\t\t\t\t<\/div>\n\t\t\t\t<\/div>\n\t\t\t\t\t<\/div>\n\t\t\t\t<\/div>\n\t\t<div class=\"elementor-element elementor-element-63d1394c e-flex e-con-boxed wpr-particle-no wpr-jarallax-no wpr-parallax-no wpr-sticky-section-no e-con e-parent\" data-id=\"63d1394c\" data-element_type=\"container\">\n\t\t\t\t\t<div class=\"e-con-inner\">\n\t\t\t\t<div class=\"elementor-element elementor-element-43d4fc5e elementor-widget elementor-widget-text-editor\" data-id=\"43d4fc5e\" data-element_type=\"widget\" data-widget_type=\"text-editor.default\">\n\t\t\t\t<div class=\"elementor-widget-container\">\n\t\t\t\t\t\t\t\t\t<p>Zuletzt aktualisiert: 07.04.2025<\/p><p>Delisk &#8211; Ian Riepert (&#8222;uns&#8220;, &#8222;wir&#8220; oder &#8222;unser&#8220;) betreibt die Website p.vpsnext.ink bzw. bko-gegendasvergessen.de (den &#8222;Dienst&#8220;).<\/p><p>Diese Seite informiert Sie \u00fcber unsere Richtlinien bez\u00fcglich der Sammlung, Verwendung und Weitergabe von pers\u00f6nlichen Daten, wenn Sie unseren Service nutzen.<\/p><p>Wir werden Ihre Daten nur wie in dieser Datenschutzrichtlinie beschrieben verwenden oder weitergeben.<\/p><p>Wir verwenden Ihre pers\u00f6nlichen Daten f\u00fcr die Bereitstellung und Verbesserung des Dienstes. Durch die Nutzung des Dienstes erkl\u00e4ren Sie sich mit der Erfassung und Nutzung von Informationen in \u00dcbereinstimmung mit dieser Richtlinie einverstanden.<\/p><p>Sammlung und Verwendung von Informationen<\/p><p>W\u00e4hrend der Nutzung unseres Dienstes bitten wir Sie m\u00f6glicherweise, uns bestimmte personenbezogene Daten mitzuteilen, die dazu verwendet werden k\u00f6nnen, Sie zu kontaktieren oder zu identifizieren. Pers\u00f6nlich identifizierbare Informationen (\u201ePers\u00f6nliche Informationen\u201c) k\u00f6nnen unter anderem sein:<\/p><p>Protokolldaten<\/p><p>Wir sammeln Informationen, die Ihr Browser sendet, wenn Sie unseren Dienst besuchen (&#8222;Protokolldaten&#8220;). Diese Protokolldaten k\u00f6nnen Informationen wie die Internetprotokolladresse (\u201eIP\u201c) Ihres Computers, den Browsertyp, die Browserversion, die von Ihnen besuchten Seiten unseres Dienstes, die Uhrzeit und das Datum Ihres Besuchs, die auf diesen Seiten verbrachte Zeit und andere Statistiken enthalten.<\/p><p>Cookies<\/p><p>Cookies sind Dateien mit kleinen Datenmengen, die eine anonyme eindeutige Kennung enthalten k\u00f6nnen. Cookies werden von einer Website an Ihren Browser gesendet und auf der Festplatte Ihres Computers gespeichert.<\/p><p>Wir verwenden \u201eCookies\u201c, um Informationen zu sammeln. Sie k\u00f6nnen Ihren Browser so einstellen, dass alle Cookies abgelehnt werden oder dass er anzeigt, wenn ein Cookie gesendet wird. Wenn Sie jedoch keine Cookies akzeptieren, k\u00f6nnen Sie m\u00f6glicherweise einige Teile unseres Dienstes nicht nutzen.<\/p><p>Sicherheit<\/p><p>Die Sicherheit Ihrer pers\u00f6nlichen Daten ist uns wichtig, aber denken Sie daran, dass keine Methode der \u00dcbertragung \u00fcber das Internet oder der elektronischen Speicherung 100% sicher ist. Obwohl wir uns bem\u00fchen, kommerziell annehmbare Mittel zum Schutz Ihrer pers\u00f6nlichen Daten einzusetzen, k\u00f6nnen wir deren absolute Sicherheit nicht garantieren.<\/p><p>Links zu anderen Sites<\/p><p>Unser Service kann Links zu anderen Sites enthalten, die nicht von uns betrieben werden. Wenn Sie auf einen Link einer dritten Partei klicken, werden Sie auf die Seite dieser dritten Partei weitergeleitet. Wir empfehlen Ihnen dringend, die Datenschutzrichtlinien jeder Seite, die Sie besuchen, zu lesen.<\/p><p>Wir haben keine Kontrolle \u00fcber und \u00fcbernehmen keine Verantwortung f\u00fcr den Inhalt, die Datenschutzrichtlinien oder Praktiken von Websites oder Diensten Dritter.<\/p><p>Datenschutz f\u00fcr Kinder<\/p><p>Unser Service richtet sich nicht an Personen unter 18 Jahren (&#8222;Kinder&#8220;).<\/p><p>Wir sammeln nicht wissentlich pers\u00f6nlich identifizierbare Informationen von Kindern unter 18 Jahren. Wenn Sie ein Elternteil oder Erziehungsberechtigter sind und wissen, dass Ihr Kind uns pers\u00f6nliche Daten zur Verf\u00fcgung gestellt hat, kontaktieren Sie uns bitte. Wenn wir feststellen, dass ein Kind unter 18 Jahren uns pers\u00f6nliche Daten zur Verf\u00fcgung gestellt hat, werden wir diese Daten sofort von unseren Servern l\u00f6schen.<\/p><p>\u00c4nderungen an dieser Datenschutzrichtlinie<\/p><p>Wir k\u00f6nnen unsere Datenschutzrichtlinie von Zeit zu Zeit aktualisieren. Wir werden Sie \u00fcber alle \u00c4nderungen informieren, indem wir die neue Datenschutzrichtlinie auf dieser Seite ver\u00f6ffentlichen.<\/p><p>Wir empfehlen Ihnen, diese Datenschutzrichtlinie regelm\u00e4\u00dfig auf \u00c4nderungen zu \u00fcberpr\u00fcfen. \u00c4nderungen an dieser Datenschutzrichtlinie treten in Kraft, wenn sie auf dieser Seite ver\u00f6ffentlicht werden.<\/p><p>Kontaktieren Sie uns<\/p><p>Wenn Sie Fragen zu dieser Datenschutzrichtlinie haben, kontaktieren Sie uns bitte.<\/p><p>Betreiber:<br \/>Delisk \u2013 Ian Riepert<br \/>c\/o IP-Management #44706<br \/>Ludwig-Erhard-Str. 18<br \/>20459 Hamburg<br \/>E-Mail: info@delisk.de <em>(Bei Anliegen zu dieser Website bitte Betreff \u201eSan\u2019t Anna \u2013 BKO\u201c verwenden.<\/em><br \/>Tel.: +49 156 79198719<br \/>Umsatzsteuer-Identifikationsnummer(n): DE452713197<\/p>\t\t\t\t\t\t\t\t<\/div>\n\t\t\t\t<\/div>\n\t\t\t\t\t<\/div>\n\t\t\t\t<\/div>\n\t\t\t\t<\/div>\n\t\t","protected":false},"excerpt":{"rendered":"<p>Datenschutz Zuletzt aktualisiert: 07.04.2025 Delisk &#8211; Ian Riepert (&#8222;uns&#8220;, &#8222;wir&#8220; oder &#8222;unser&#8220;) betreibt die Website p.vpsnext.ink bzw. bko-gegendasvergessen.de (den &#8222;Dienst&#8220;). Diese Seite informiert Sie \u00fcber unsere Richtlinien bez\u00fcglich der Sammlung, Verwendung und Weitergabe von pers\u00f6nlichen Daten, wenn Sie unseren Service nutzen. Wir werden Ihre Daten nur wie in dieser Datenschutzrichtlinie beschrieben verwenden oder weitergeben. Wir verwenden Ihre pers\u00f6nlichen Daten f\u00fcr die Bereitstellung und Verbesserung des Dienstes. Durch die Nutzung des Dienstes erkl\u00e4ren Sie sich mit der Erfassung und Nutzung von Informationen in \u00dcbereinstimmung mit dieser Richtlinie einverstanden. Sammlung und Verwendung von Informationen W\u00e4hrend der Nutzung unseres Dienstes bitten wir Sie m\u00f6glicherweise, uns bestimmte personenbezogene Daten mitzuteilen, die dazu verwendet werden k\u00f6nnen, Sie zu kontaktieren oder zu identifizieren. Pers\u00f6nlich identifizierbare Informationen (\u201ePers\u00f6nliche Informationen\u201c) k\u00f6nnen unter anderem sein: Protokolldaten Wir sammeln Informationen, die Ihr Browser sendet, wenn Sie unseren Dienst besuchen (&#8222;Protokolldaten&#8220;). Diese Protokolldaten k\u00f6nnen Informationen wie die Internetprotokolladresse (\u201eIP\u201c) Ihres Computers, den Browsertyp, die Browserversion, die von Ihnen besuchten Seiten unseres Dienstes, die Uhrzeit und das Datum Ihres Besuchs, die auf diesen Seiten verbrachte Zeit und andere Statistiken enthalten. Cookies Cookies sind Dateien mit kleinen Datenmengen, die eine anonyme eindeutige Kennung enthalten k\u00f6nnen. Cookies werden von einer Website an Ihren Browser gesendet und auf der Festplatte Ihres Computers gespeichert. Wir verwenden \u201eCookies\u201c, um Informationen zu sammeln. Sie k\u00f6nnen Ihren Browser so einstellen, dass alle Cookies abgelehnt werden oder dass er anzeigt, wenn ein Cookie gesendet wird. Wenn Sie jedoch keine Cookies akzeptieren, k\u00f6nnen Sie m\u00f6glicherweise einige Teile unseres Dienstes nicht nutzen. Sicherheit Die Sicherheit Ihrer pers\u00f6nlichen Daten ist uns wichtig, aber denken Sie daran, dass keine Methode der \u00dcbertragung \u00fcber das Internet oder der elektronischen Speicherung 100% sicher ist. Obwohl wir uns bem\u00fchen, kommerziell annehmbare Mittel zum Schutz Ihrer pers\u00f6nlichen Daten einzusetzen, k\u00f6nnen wir deren absolute Sicherheit nicht garantieren. Links zu anderen Sites Unser Service kann Links zu anderen Sites enthalten, die nicht von uns betrieben werden. Wenn Sie auf einen Link einer dritten Partei klicken, werden Sie auf die Seite dieser dritten Partei weitergeleitet. Wir empfehlen Ihnen dringend, die Datenschutzrichtlinien jeder Seite, die Sie besuchen, zu lesen. Wir haben keine Kontrolle \u00fcber und \u00fcbernehmen keine Verantwortung f\u00fcr den Inhalt, die Datenschutzrichtlinien oder Praktiken von Websites oder Diensten Dritter. Datenschutz f\u00fcr Kinder Unser Service richtet sich nicht an Personen unter 18 Jahren (&#8222;Kinder&#8220;). Wir sammeln nicht wissentlich pers\u00f6nlich identifizierbare Informationen von Kindern unter 18 Jahren. Wenn Sie ein Elternteil oder Erziehungsberechtigter sind und wissen, dass Ihr Kind uns pers\u00f6nliche Daten zur Verf\u00fcgung gestellt hat, kontaktieren Sie uns bitte. Wenn wir feststellen, dass ein Kind unter 18 Jahren uns pers\u00f6nliche Daten zur Verf\u00fcgung gestellt hat, werden wir diese Daten sofort von unseren Servern l\u00f6schen. \u00c4nderungen an dieser Datenschutzrichtlinie Wir k\u00f6nnen unsere Datenschutzrichtlinie von Zeit zu Zeit aktualisieren. Wir werden Sie \u00fcber alle \u00c4nderungen informieren, indem wir die neue Datenschutzrichtlinie auf dieser Seite ver\u00f6ffentlichen. Wir empfehlen Ihnen, diese Datenschutzrichtlinie regelm\u00e4\u00dfig auf \u00c4nderungen zu \u00fcberpr\u00fcfen. \u00c4nderungen an dieser Datenschutzrichtlinie treten in Kraft, wenn sie auf dieser Seite ver\u00f6ffentlicht werden. Kontaktieren Sie uns Wenn Sie Fragen zu dieser Datenschutzrichtlinie haben, kontaktieren Sie uns bitte. Betreiber:Delisk \u2013 Ian Riepertc\/o IP-Management #44706Ludwig-Erhard-Str. 1820459 HamburgE-Mail: info@delisk.de (Bei Anliegen zu dieser Website bitte Betreff \u201eSan\u2019t Anna \u2013 BKO\u201c verwenden.Tel.: +49 156 79198719Umsatzsteuer-Identifikationsnummer(n): DE452713197<\/p>\n","protected":false},"author":1,"featured_media":0,"parent":0,"menu_order":0,"comment_status":"closed","ping_status":"open","template":"elementor_header_footer","meta":{"footnotes":""},"class_list":["post-3","page","type-page","status-publish","hentry"],"_links":{"self":[{"href":"https:\/\/p.vpsnext.ink\/index.php\/wp-json\/wp\/v2\/pages\/3","targetHints":{"allow":["GET"]}}],"collection":[{"href":"https:\/\/p.vpsnext.ink\/index.php\/wp-json\/wp\/v2\/pages"}],"about":[{"href":"https:\/\/p.vpsnext.ink\/index.php\/wp-json\/wp\/v2\/types\/page"}],"author":[{"embeddable":true,"href":"https:\/\/p.vpsnext.ink\/index.php\/wp-json\/wp\/v2\/users\/1"}],"replies":[{"embeddable":true,"href":"https:\/\/p.vpsnext.ink\/index.php\/wp-json\/wp\/v2\/comments?post=3"}],"version-history":[{"count":19,"href":"https:\/\/p.vpsnext.ink\/index.php\/wp-json\/wp\/v2\/pages\/3\/revisions"}],"predecessor-version":[{"id":1542,"href":"https:\/\/p.vpsnext.ink\/index.php\/wp-json\/wp\/v2\/pages\/3\/revisions\/1542"}],"wp:attachment":[{"href":"https:\/\/p.vpsnext.ink\/index.php\/wp-json\/wp\/v2\/media?parent=3"}],"curies":[{"name":"wp","href":"https:\/\/api.w.org\/{rel}","templated":true}]}}